{"id":2,"date":"2015-06-04T16:23:50","date_gmt":"2015-06-04T16:23:50","guid":{"rendered":"http:\/\/77.240.19.9\/~myomavesi\/?page_id=2"},"modified":"2025-03-06T17:24:02","modified_gmt":"2025-03-06T15:24:02","slug":"esimerkkisivu","status":"publish","type":"page","link":"http:\/\/www.myotamaenvesi.fi\/","title":{"rendered":"Etusivu"},"content":{"rendered":"\n<h3 class=\"wp-block-heading\"><strong>My\u00f6t\u00e4m\u00e4en Vesi Oy toimittaa puhdasta vett\u00e4 <\/strong><br><strong>Kurikan kaupungin Niemenkyl\u00e4n, Py\u00f6rnin, Koskim\u00e4en, <\/strong><br><strong>Tainuskyl\u00e4n sek\u00e4 osittain kirkonkyl\u00e4n alueelle.<\/strong><\/h3>\n\n\n<div class=\"wp-block-image is-style-default\">\n<figure class=\"alignleft size-full is-resized\"><a href=\"http:\/\/www.myotamaenvesi.fi\/wp-content\/uploads\/2015\/06\/bb89e351-65bc-4477-9706-493b8f74d67c.png\"><img loading=\"lazy\" decoding=\"async\" width=\"728\" height=\"876\" src=\"http:\/\/www.myotamaenvesi.fi\/wp-content\/uploads\/2015\/06\/bb89e351-65bc-4477-9706-493b8f74d67c.png\" alt=\"\" class=\"wp-image-190\" style=\"width:293px;height:auto\" srcset=\"http:\/\/www.myotamaenvesi.fi\/wp-content\/uploads\/2015\/06\/bb89e351-65bc-4477-9706-493b8f74d67c.png 728w, http:\/\/www.myotamaenvesi.fi\/wp-content\/uploads\/2015\/06\/bb89e351-65bc-4477-9706-493b8f74d67c-249x300.png 249w\" sizes=\"auto, (max-width: 728px) 100vw, 728px\" \/><\/a><\/figure><\/div>","protected":false},"excerpt":{"rendered":"<p>My\u00f6t\u00e4m\u00e4en Vesi Oy toimittaa puhdasta vett\u00e4 Kurikan kaupungin Niemenkyl\u00e4n, Py\u00f6rnin, Koskim\u00e4en, Tainuskyl\u00e4n sek\u00e4 osittain kirkonkyl\u00e4n alueelle.<\/p>\n","protected":false},"author":1,"featured_media":0,"parent":0,"menu_order":0,"comment_status":"open","ping_status":"open","template":"","meta":{"footnotes":""},"class_list":["post-2","page","type-page","status-publish","hentry"],"_links":{"self":[{"href":"http:\/\/www.myotamaenvesi.fi\/index.php?rest_route=\/wp\/v2\/pages\/2","targetHints":{"allow":["GET"]}}],"collection":[{"href":"http:\/\/www.myotamaenvesi.fi\/index.php?rest_route=\/wp\/v2\/pages"}],"about":[{"href":"http:\/\/www.myotamaenvesi.fi\/index.php?rest_route=\/wp\/v2\/types\/page"}],"author":[{"embeddable":true,"href":"http:\/\/www.myotamaenvesi.fi\/index.php?rest_route=\/wp\/v2\/users\/1"}],"replies":[{"embeddable":true,"href":"http:\/\/www.myotamaenvesi.fi\/index.php?rest_route=%2Fwp%2Fv2%2Fcomments&post=2"}],"version-history":[{"count":9,"href":"http:\/\/www.myotamaenvesi.fi\/index.php?rest_route=\/wp\/v2\/pages\/2\/revisions"}],"predecessor-version":[{"id":216,"href":"http:\/\/www.myotamaenvesi.fi\/index.php?rest_route=\/wp\/v2\/pages\/2\/revisions\/216"}],"wp:attachment":[{"href":"http:\/\/www.myotamaenvesi.fi\/index.php?rest_route=%2Fwp%2Fv2%2Fmedia&parent=2"}],"curies":[{"name":"wp","href":"https:\/\/api.w.org\/{rel}","templated":true}]}}