{"id":7,"date":"2015-06-04T19:54:22","date_gmt":"2015-06-04T16:54:22","guid":{"rendered":"http:\/\/77.240.19.9\/~myomavesi\/?page_id=7"},"modified":"2025-03-06T17:44:40","modified_gmt":"2025-03-06T15:44:40","slug":"yhteystiedot","status":"publish","type":"page","link":"http:\/\/www.myotamaenvesi.fi\/?page_id=7","title":{"rendered":"Yhteystiedot"},"content":{"rendered":"\n<h3 class=\"wp-block-heading\"><strong>My\u00f6t\u00e4m\u00e4en Vesi Oy<\/strong><\/h3>\n\n\n\n<h3 class=\"wp-block-heading\"><strong>c\/o Jari Nyysti<br>Jurvantie 38<br>66300\u00a0 JURVA<\/strong><br><br><strong>040 099 7577<\/strong><\/h3>\n\n\n\n<h3 class=\"wp-block-heading\">s\u00e4hk\u00f6posti:<strong><br> posti@myotamaenvesi.fi<\/strong><\/h3>\n\n\n\n<h3 class=\"wp-block-heading\">Laskutus:<br><strong>AT-Tilipalvelu Oy 0500 866174 \/ Anita Terho<\/strong><\/h3>\n\n\n\n<p><\/p>\n\n\n\n<p><\/p>\n","protected":false},"excerpt":{"rendered":"<p>My\u00f6t\u00e4m\u00e4en Vesi Oy c\/o Jari NyystiJurvantie 3866300\u00a0 JURVA 040 099 7577 s\u00e4hk\u00f6posti: posti@myotamaenvesi.fi Laskutus:AT-Tilipalvelu Oy 0500 866174 \/ Anita Terho<\/p>\n","protected":false},"author":1,"featured_media":0,"parent":0,"menu_order":0,"comment_status":"open","ping_status":"open","template":"","meta":{"footnotes":""},"class_list":["post-7","page","type-page","status-publish","hentry"],"_links":{"self":[{"href":"http:\/\/www.myotamaenvesi.fi\/index.php?rest_route=\/wp\/v2\/pages\/7","targetHints":{"allow":["GET"]}}],"collection":[{"href":"http:\/\/www.myotamaenvesi.fi\/index.php?rest_route=\/wp\/v2\/pages"}],"about":[{"href":"http:\/\/www.myotamaenvesi.fi\/index.php?rest_route=\/wp\/v2\/types\/page"}],"author":[{"embeddable":true,"href":"http:\/\/www.myotamaenvesi.fi\/index.php?rest_route=\/wp\/v2\/users\/1"}],"replies":[{"embeddable":true,"href":"http:\/\/www.myotamaenvesi.fi\/index.php?rest_route=%2Fwp%2Fv2%2Fcomments&post=7"}],"version-history":[{"count":8,"href":"http:\/\/www.myotamaenvesi.fi\/index.php?rest_route=\/wp\/v2\/pages\/7\/revisions"}],"predecessor-version":[{"id":225,"href":"http:\/\/www.myotamaenvesi.fi\/index.php?rest_route=\/wp\/v2\/pages\/7\/revisions\/225"}],"wp:attachment":[{"href":"http:\/\/www.myotamaenvesi.fi\/index.php?rest_route=%2Fwp%2Fv2%2Fmedia&parent=7"}],"curies":[{"name":"wp","href":"https:\/\/api.w.org\/{rel}","templated":true}]}}