{"id":9,"date":"2015-06-04T19:56:49","date_gmt":"2015-06-04T16:56:49","guid":{"rendered":"http:\/\/77.240.19.9\/~myomavesi\/?page_id=9"},"modified":"2025-06-24T10:47:21","modified_gmt":"2025-06-24T07:47:21","slug":"laatutiedot","status":"publish","type":"page","link":"http:\/\/www.myotamaenvesi.fi\/?page_id=9","title":{"rendered":"Laatutiedot"},"content":{"rendered":"\n<h4 class=\"wp-block-heading\"><strong>Riskien arviointi<\/strong><\/h4>\n\n\n\n<p>Riskinarviointi on tehty Maailman terveysj\u00e4rjest\u00f6n suositteleman Water Safety Plan -periaatteen mukaisesti yhteisty\u00f6ss\u00e4 terveydensuojeluviranomaisen kanssa.<br><\/p>\n\n\n\n<p><strong>Veden kovuus<\/strong><br>Kokonaiskovuus&nbsp; &nbsp; &nbsp; &nbsp;mmol\/l&nbsp; 0,52&nbsp; &nbsp; &nbsp;\u00b0dH&nbsp; &nbsp; 2,9&nbsp; &nbsp; &nbsp; &nbsp; &nbsp; &nbsp; &nbsp; &nbsp;menetelm\u00e4:&nbsp; SFS 3003:1987 \/ ILM<\/p>\n\n\n\n<p><br><strong>Vesin\u00e4ytteenotto<\/strong><br><a href=\"https:\/\/www.eurofins.fi\/analyysipalvelumme\/\" target=\"_blank\" rel=\"noopener\"><strong>Eurofins Ahma Oy<\/strong><\/a>&nbsp;huolehtii My\u00f6t\u00e4m\u00e4en Vesi Oy:n n\u00e4ytteenotosta.<br>N\u00e4yteenotto suoritetaan valvontatutkimusohjelman mukaisesti kuluttajien vesipisteist\u00e4 eri osista verkkoa.<\/p>\n\n\n\n<ul class=\"wp-block-list\">\n<li><strong>Viimeisin raportti<\/strong>:<\/li>\n<\/ul>\n\n\n\n<ul class=\"wp-block-list\">\n<li><strong>Edelliset Raportit : <\/strong><\/li>\n<\/ul>\n\n\n\n<figure class=\"wp-block-image size-large\"><a href=\"https:\/\/www.myotamaenvesi.fi\/wp-content\/uploads\/2025\/06\/15-04-2025.jpg\"><img decoding=\"async\" src=\"https:\/\/www.myotamaenvesi.fi\/wp-content\/uploads\/2025\/06\/15-04-2025-724x1024.jpg\" alt=\"\" class=\"wp-image-249\"\/><\/a><\/figure>\n\n\n\n<figure class=\"wp-block-image size-large\"><a href=\"https:\/\/www.myotamaenvesi.fi\/wp-content\/uploads\/2025\/06\/23-01-2025-I.jpg\"><img decoding=\"async\" src=\"https:\/\/www.myotamaenvesi.fi\/wp-content\/uploads\/2025\/06\/23-01-2025-I-720x1024.jpg\" alt=\"\" class=\"wp-image-251\"\/><\/a><\/figure>\n\n\n\n<figure class=\"wp-block-image size-large\"><a href=\"https:\/\/www.myotamaenvesi.fi\/wp-content\/uploads\/2025\/06\/23-01-2025-II.jpg\"><img decoding=\"async\" src=\"https:\/\/www.myotamaenvesi.fi\/wp-content\/uploads\/2025\/06\/23-01-2025-II-722x1024.jpg\" alt=\"\" class=\"wp-image-252\"\/><\/a><\/figure>\n\n\n\n<figure class=\"wp-block-image size-large\"><a href=\"https:\/\/www.myotamaenvesi.fi\/wp-content\/uploads\/2025\/06\/23-01-2025-III.jpg\"><img decoding=\"async\" src=\"https:\/\/www.myotamaenvesi.fi\/wp-content\/uploads\/2025\/06\/23-01-2025-III-723x1024.jpg\" alt=\"\" class=\"wp-image-254\"\/><\/a><\/figure>\n\n\n\n<figure class=\"wp-block-image size-large\"><a href=\"https:\/\/www.myotamaenvesi.fi\/wp-content\/uploads\/2025\/06\/23-01-2025-IV.jpg\"><img decoding=\"async\" src=\"https:\/\/www.myotamaenvesi.fi\/wp-content\/uploads\/2025\/06\/23-01-2025-IV-724x1024.jpg\" alt=\"\" class=\"wp-image-253\"\/><\/a><\/figure>\n\n\n\n<figure class=\"wp-block-gallery has-nested-images columns-default is-cropped wp-block-gallery-1 is-layout-flex wp-block-gallery-is-layout-flex\">\n<figure class=\"wp-block-image size-large\"><a href=\"https:\/\/www.myotamaenvesi.fi\/wp-content\/uploads\/2025\/06\/15-01-2025.jpg\"><img decoding=\"async\" data-id=\"248\" src=\"https:\/\/www.myotamaenvesi.fi\/wp-content\/uploads\/2025\/06\/15-01-2025-725x1024.jpg\" alt=\"\" class=\"wp-image-248\"\/><\/a><\/figure>\n<\/figure>\n\n\n\n<figure class=\"wp-block-image size-large\"><a href=\"https:\/\/www.myotamaenvesi.fi\/wp-content\/uploads\/2025\/06\/15-01-2025-1.jpg\"><img loading=\"lazy\" decoding=\"async\" width=\"718\" height=\"1024\" src=\"https:\/\/www.myotamaenvesi.fi\/wp-content\/uploads\/2025\/06\/15-01-2025-1-718x1024.jpg\" alt=\"\" class=\"wp-image-250\" srcset=\"http:\/\/www.myotamaenvesi.fi\/wp-content\/uploads\/2025\/06\/15-01-2025-1-718x1024.jpg 718w, http:\/\/www.myotamaenvesi.fi\/wp-content\/uploads\/2025\/06\/15-01-2025-1-210x300.jpg 210w, http:\/\/www.myotamaenvesi.fi\/wp-content\/uploads\/2025\/06\/15-01-2025-1-768x1095.jpg 768w, http:\/\/www.myotamaenvesi.fi\/wp-content\/uploads\/2025\/06\/15-01-2025-1.jpg 784w\" sizes=\"auto, (max-width: 718px) 100vw, 718px\" \/><\/a><\/figure>\n","protected":false},"excerpt":{"rendered":"<p>Riskien arviointi Riskinarviointi on tehty Maailman terveysj\u00e4rjest\u00f6n suositteleman Water Safety Plan -periaatteen mukaisesti yhteisty\u00f6ss\u00e4 terveydensuojeluviranomaisen kanssa. Veden kovuusKokonaiskovuus&nbsp; &nbsp; &nbsp; &nbsp;mmol\/l&nbsp; 0,52&nbsp; &nbsp; &nbsp;\u00b0dH&nbsp; &nbsp; 2,9&nbsp; &nbsp; &nbsp; &nbsp; &nbsp; &nbsp; &nbsp; &nbsp;menetelm\u00e4:&nbsp; SFS 3003:1987 \/ ILM Vesin\u00e4ytteenottoEurofins Ahma Oy&nbsp;huolehtii My\u00f6t\u00e4m\u00e4en Vesi Oy:n n\u00e4ytteenotosta.N\u00e4yteenotto suoritetaan valvontatutkimusohjelman mukaisesti kuluttajien vesipisteist\u00e4 eri osista verkkoa.<\/p>\n","protected":false},"author":1,"featured_media":0,"parent":0,"menu_order":0,"comment_status":"open","ping_status":"open","template":"","meta":{"footnotes":""},"class_list":["post-9","page","type-page","status-publish","hentry"],"_links":{"self":[{"href":"http:\/\/www.myotamaenvesi.fi\/index.php?rest_route=\/wp\/v2\/pages\/9","targetHints":{"allow":["GET"]}}],"collection":[{"href":"http:\/\/www.myotamaenvesi.fi\/index.php?rest_route=\/wp\/v2\/pages"}],"about":[{"href":"http:\/\/www.myotamaenvesi.fi\/index.php?rest_route=\/wp\/v2\/types\/page"}],"author":[{"embeddable":true,"href":"http:\/\/www.myotamaenvesi.fi\/index.php?rest_route=\/wp\/v2\/users\/1"}],"replies":[{"embeddable":true,"href":"http:\/\/www.myotamaenvesi.fi\/index.php?rest_route=%2Fwp%2Fv2%2Fcomments&post=9"}],"version-history":[{"count":46,"href":"http:\/\/www.myotamaenvesi.fi\/index.php?rest_route=\/wp\/v2\/pages\/9\/revisions"}],"predecessor-version":[{"id":255,"href":"http:\/\/www.myotamaenvesi.fi\/index.php?rest_route=\/wp\/v2\/pages\/9\/revisions\/255"}],"wp:attachment":[{"href":"http:\/\/www.myotamaenvesi.fi\/index.php?rest_route=%2Fwp%2Fv2%2Fmedia&parent=9"}],"curies":[{"name":"wp","href":"https:\/\/api.w.org\/{rel}","templated":true}]}}